{"id":2321,"date":"2020-01-21T15:14:37","date_gmt":"2020-01-21T15:14:37","guid":{"rendered":"https:\/\/solarws.com\/projets-the-solar-world-stain\/"},"modified":"2020-01-21T15:14:37","modified_gmt":"2020-01-21T15:14:37","slug":"projets-the-solar-world-stain","status":"publish","type":"page","link":"https:\/\/solarws.com\/fr\/projets-the-solar-world-stain\/","title":{"rendered":"projets The Solar World Stain"},"content":{"rendered":"<p>[et_pb_section bb_built=\u00a0\u00bb1&Prime; admin_label=\u00a0\u00bbHeader\u00a0\u00bb next_background_color=\u00a0\u00bb#ffffff\u00a0\u00bb _builder_version=\u00a0\u00bb3.17.6&Prime; background_image=\u00a0\u00bbhttps:\/\/solarws.com\/wp-content\/uploads\/2018\/11\/fukuroda2.jpg\u00a0\u00bb custom_margin=\u00a0\u00bb||||false\u00a0\u00bb custom_padding=\u00a0\u00bb12vw||12vw||true|false\u00a0\u00bb bottom_divider_style=\u00a0\u00bbcurve\u00a0\u00bb bottom_divider_height=\u00a0\u00bb6vw\u00a0\u00bb background_blend=\u00a0\u00bbmultiply\u00a0\u00bb parallax_method=\u00a0\u00bboff\u00a0\u00bb background_color=\u00a0\u00bbrgba(0,0,0,0.31)\u00a0\u00bb][et_pb_row _builder_version=\u00a0\u00bb3.17.6&Prime; background_size=\u00a0\u00bbcontain\u00a0\u00bb animation_style=\u00a0\u00bbzoom\u00a0\u00bb animation_intensity_zoom=\u00a0\u00bb10%\u00a0\u00bb custom_margin=\u00a0\u00bb0px|||\u00a0\u00bb custom_padding=\u00a0\u00bb0px|||\u00a0\u00bb][et_pb_column type=\u00a0\u00bb4_4&Prime;][et_pb_text admin_label=\u00a0\u00bbProyectos\u00a0\u00bb _builder_version=\u00a0\u00bb3.17.6&Prime; header_font=\u00a0\u00bbMontserrat|500||on|||||\u00a0\u00bb header_font_size=\u00a0\u00bb28px\u00a0\u00bb header_font_size_phone=\u00a0\u00bb12px\u00a0\u00bb header_font_size_last_edited=\u00a0\u00bbon|desktop\u00a0\u00bb header_letter_spacing=\u00a0\u00bb4px\u00a0\u00bb header_line_height=\u00a0\u00bb1.5em\u00a0\u00bb header_2_font=\u00a0\u00bbMerriweather|||on|||||\u00a0\u00bb header_2_font_size=\u00a0\u00bb70px\u00a0\u00bb header_2_font_size_tablet=\u00a0\u00bb50px\u00a0\u00bb header_2_font_size_phone=\u00a0\u00bb30px\u00a0\u00bb header_2_font_size_last_edited=\u00a0\u00bbon|desktop\u00a0\u00bb header_2_letter_spacing=\u00a0\u00bb5px\u00a0\u00bb header_2_line_height=\u00a0\u00bb1.4em\u00a0\u00bb text_orientation=\u00a0\u00bbcenter\u00a0\u00bb background_layout=\u00a0\u00bbdark\u00a0\u00bb]<\/p>\n<h1>\u00a0Projets The Solar World Stain<\/h1>\n<p>[\/et_pb_text][\/et_pb_column][\/et_pb_row][\/et_pb_section][et_pb_section bb_built=\u00a0\u00bb1&Prime; fullwidth=\u00a0\u00bboff\u00a0\u00bb specialty=\u00a0\u00bboff\u00a0\u00bb prev_background_color=\u00a0\u00bbrgba(0,0,0,0.31)\u00a0\u00bb next_background_color=\u00a0\u00bb#98c129&Prime;][et_pb_row][et_pb_column type=\u00a0\u00bb4_4&Prime;][et_pb_portfolio _builder_version=\u00a0\u00bb3.17.6&Prime; zoom_icon_color=\u00a0\u00bb#98c129&Prime; hover_overlay_color=\u00a0\u00bbrgba(255,255,255,0.9)\u00a0\u00bb fullwidth=\u00a0\u00bboff\u00a0\u00bb posts_number=\u00a0\u00bb16&Prime; \/][\/et_pb_column][\/et_pb_row][\/et_pb_section][et_pb_section bb_built=\u00a0\u00bb1&Prime; admin_label=\u00a0\u00bbSubscribe\u00a0\u00bb prev_background_color=\u00a0\u00bb#ffffff\u00a0\u00bb _builder_version=\u00a0\u00bb3.17.6&Prime; background_color=\u00a0\u00bb#98c129&Prime; box_shadow_color=\u00a0\u00bb#ffffff\u00a0\u00bb custom_margin=\u00a0\u00bb|||\u00a0\u00bb custom_padding=\u00a0\u00bb12vw|0|0px||false|false\u00a0\u00bb top_divider_style=\u00a0\u00bbwave\u00a0\u00bb top_divider_height=\u00a0\u00bb6vw\u00a0\u00bb global_module=\u00a0\u00bb485&Prime;][et_pb_row global_parent=\u00a0\u00bb485&Prime; _builder_version=\u00a0\u00bb3.17.6&Prime; custom_padding=\u00a0\u00bb5%||5%|\u00a0\u00bb][et_pb_column type=\u00a0\u00bb1_2&Prime;][et_pb_text admin_label=\u00a0\u00bbContacta con nosotros \u00a0\u00bb global_parent=\u00a0\u00bb485&Prime; _builder_version=\u00a0\u00bb3.17.6&Prime; text_line_height=\u00a0\u00bb2em\u00a0\u00bb header_2_font=\u00a0\u00bbMontserrat|500||on|||||\u00a0\u00bb header_2_font_size=\u00a0\u00bb36px\u00a0\u00bb header_2_font_size_phone=\u00a0\u00bb20px\u00a0\u00bb header_2_font_size_last_edited=\u00a0\u00bbon|phone\u00a0\u00bb header_2_line_height=\u00a0\u00bb1.6em\u00a0\u00bb background_layout=\u00a0\u00bbdark\u00a0\u00bb custom_margin=\u00a0\u00bb40px|||\u00a0\u00bb custom_margin_tablet=\u00a0\u00bb0px|||\u00a0\u00bb custom_margin_last_edited=\u00a0\u00bbon|tablet\u00a0\u00bb locked=\u00a0\u00bboff\u00a0\u00bb header_3_font=\u00a0\u00bb|||on|||||\u00a0\u00bb header_3_font_size=\u00a0\u00bb28px\u00a0\u00bb]<\/p>\n<h3>Contactez-nous<\/h3>\n<p class=\"p1\"><span class=\"s1\">Si vous avez des doutes ou si vous envisagez de d\u00e9velopper un projet d\u2019\u00e9nergie solaire photovolta\u00efque, n\u2019h\u00e9sitez pas \u00e0 nous contacter par l\u2019un de ces moyens.<\/span><\/p>\n<p>[\/et_pb_text][\/et_pb_column][et_pb_column type=\u00a0\u00bb1_2&Prime;][et_pb_text admin_label=\u00a0\u00bbContact form 7&Prime; global_parent=\u00a0\u00bb485&Prime; _builder_version=\u00a0\u00bb3.17.6&Prime;]<\/p>\n<div role=\"form\" class=\"wpcf7\" id=\"wpcf7-f443-o1\" lang=\"es-ES\" dir=\"ltr\">\n<div class=\"screen-reader-response\"><p role=\"status\" aria-live=\"polite\" aria-atomic=\"true\"><\/p> <ul><\/ul><\/div>\n<form action=\"\/fr\/wp-json\/wp\/v2\/pages\/2321#wpcf7-f443-o1\" method=\"post\" class=\"wpcf7-form init\" novalidate=\"novalidate\" data-status=\"init\">\n<div style=\"display: none;\">\n<input type=\"hidden\" name=\"_wpcf7\" value=\"443\" \/>\n<input type=\"hidden\" name=\"_wpcf7_version\" value=\"5.4.2\" \/>\n<input type=\"hidden\" name=\"_wpcf7_locale\" value=\"es_ES\" \/>\n<input type=\"hidden\" name=\"_wpcf7_unit_tag\" value=\"wpcf7-f443-o1\" \/>\n<input type=\"hidden\" name=\"_wpcf7_container_post\" value=\"0\" \/>\n<input type=\"hidden\" name=\"_wpcf7_posted_data_hash\" value=\"\" \/>\n<input type=\"hidden\" name=\"_wpcf7_recaptcha_response\" value=\"\" \/>\n<\/div>\n<div class=\"et_pb_contact\">\n<div class=\"et_pb_contact_form\">\n<p class=\"et_pb_contact_field\"><span class=\"wpcf7-form-control-wrap your-name\"><input type=\"text\" name=\"your-name\" value=\"\" size=\"40\" class=\"wpcf7-form-control wpcf7-text wpcf7-validates-as-required\" aria-required=\"true\" aria-invalid=\"false\" placeholder=\"Nombre *\" \/><\/span><\/p>\n<p class=\"et_pb_contact_field\"><span class=\"wpcf7-form-control-wrap your-email\"><input type=\"email\" name=\"your-email\" value=\"\" size=\"40\" class=\"wpcf7-form-control wpcf7-text wpcf7-email wpcf7-validates-as-required wpcf7-validates-as-email\" aria-required=\"true\" aria-invalid=\"false\" placeholder=\"Email *\" \/><\/span><\/p>\n<p class= \"et_pb_contact_field\"> <span class=\"wpcf7-form-control-wrap tel-162\"><input type=\"tel\" name=\"tel-162\" value=\"\" size=\"40\" class=\"wpcf7-form-control wpcf7-text wpcf7-tel wpcf7-validates-as-tel\" aria-invalid=\"false\" placeholder=\"Tel\u00e9fono\" \/><\/span><\/p>\n<p class=\"et_pb_contact_field et_pb_contact_field_last\"><span class=\"wpcf7-form-control-wrap your-message\"><textarea name=\"your-message\" cols=\"40\" rows=\"10\" class=\"wpcf7-form-control wpcf7-textarea\" aria-invalid=\"false\" placeholder=\"Mensaje\"><\/textarea><\/span><\/p>\n<\/div>\n<\/div>\n<p><span class=\"wpcf7-form-control-wrap acceptance-758\"><span class=\"wpcf7-form-control wpcf7-acceptance\"><span class=\"wpcf7-list-item\"><input type=\"checkbox\" name=\"acceptance-758\" value=\"1\" aria-invalid=\"false\" \/><\/span><\/span><\/span> He le\u00eddo y acepto la <a href=\"https:\/\/solarws.com\/politica-privacidad\/\" target=\"_blank\">Pol\u00edtica de Privacidad<\/a>.<\/p>\n\n<div class=\"et_contact_bottom_container\">\n<p><input type=\"submit\" value=\"Contactar\" class=\"wpcf7-form-control wpcf7-submit et_pb_contact_submit et_pb_button\" \/><\/p>\n<\/div>\n<input type='hidden' class='wpcf7-pum' value='{\"closepopup\":false,\"closedelay\":0,\"openpopup\":false,\"openpopup_id\":0}' \/><div class=\"wpcf7-response-output\" aria-hidden=\"true\"><\/div><\/form><\/div>\n<p>[\/et_pb_text][\/et_pb_column][\/et_pb_row][\/et_pb_section]<\/p>\n","protected":false},"excerpt":{"rendered":"<p>[et_pb_section bb_built=\u00a0\u00bb1&Prime; admin_label=\u00a0\u00bbHeader\u00a0\u00bb next_background_color=\u00a0\u00bb#ffffff\u00a0\u00bb _builder_version=\u00a0\u00bb3.17.6&Prime; background_image=\u00a0\u00bbhttps:\/\/solarws.com\/wp-content\/uploads\/2018\/11\/fukuroda2.jpg\u00a0\u00bb custom_margin=\u00a0\u00bb||||false\u00a0\u00bb custom_padding=\u00a0\u00bb12vw||12vw||true|false\u00a0\u00bb bottom_divider_style=\u00a0\u00bbcurve\u00a0\u00bb bottom_divider_height=\u00a0\u00bb6vw\u00a0\u00bb background_blend=\u00a0\u00bbmultiply\u00a0\u00bb parallax_method=\u00a0\u00bboff\u00a0\u00bb background_color=\u00a0\u00bbrgba(0,0,0,0.31)\u00a0\u00bb][et_pb_row _builder_version=\u00a0\u00bb3.17.6&Prime; background_size=\u00a0\u00bbcontain\u00a0\u00bb animation_style=\u00a0\u00bbzoom\u00a0\u00bb animation_intensity_zoom=\u00a0\u00bb10%\u00a0\u00bb custom_margin=\u00a0\u00bb0px|||\u00a0\u00bb custom_padding=\u00a0\u00bb0px|||\u00a0\u00bb][et_pb_column type=\u00a0\u00bb4_4&Prime;][et_pb_text admin_label=\u00a0\u00bbProyectos\u00a0\u00bb _builder_version=\u00a0\u00bb3.17.6&Prime; header_font=\u00a0\u00bbMontserrat|500||on|||||\u00a0\u00bb header_font_size=\u00a0\u00bb28px\u00a0\u00bb header_font_size_phone=\u00a0\u00bb12px\u00a0\u00bb header_font_size_last_edited=\u00a0\u00bbon|desktop\u00a0\u00bb header_letter_spacing=\u00a0\u00bb4px\u00a0\u00bb header_line_height=\u00a0\u00bb1.5em\u00a0\u00bb header_2_font=\u00a0\u00bbMerriweather|||on|||||\u00a0\u00bb header_2_font_size=\u00a0\u00bb70px\u00a0\u00bb header_2_font_size_tablet=\u00a0\u00bb50px\u00a0\u00bb header_2_font_size_phone=\u00a0\u00bb30px\u00a0\u00bb header_2_font_size_last_edited=\u00a0\u00bbon|desktop\u00a0\u00bb header_2_letter_spacing=\u00a0\u00bb5px\u00a0\u00bb header_2_line_height=\u00a0\u00bb1.4em\u00a0\u00bb text_orientation=\u00a0\u00bbcenter\u00a0\u00bb background_layout=\u00a0\u00bbdark\u00a0\u00bb] \u00a0Projets The Solar World Stain [\/et_pb_text][\/et_pb_column][\/et_pb_row][\/et_pb_section][et_pb_section bb_built=\u00a0\u00bb1&Prime; fullwidth=\u00a0\u00bboff\u00a0\u00bb specialty=\u00a0\u00bboff\u00a0\u00bb prev_background_color=\u00a0\u00bbrgba(0,0,0,0.31)\u00a0\u00bb next_background_color=\u00a0\u00bb#98c129&Prime;][et_pb_row][et_pb_column type=\u00a0\u00bb4_4&Prime;][et_pb_portfolio _builder_version=\u00a0\u00bb3.17.6&Prime; zoom_icon_color=\u00a0\u00bb#98c129&Prime; hover_overlay_color=\u00a0\u00bbrgba(255,255,255,0.9)\u00a0\u00bb fullwidth=\u00a0\u00bboff\u00a0\u00bb posts_number=\u00a0\u00bb16&Prime; \/][\/et_pb_column][\/et_pb_row][\/et_pb_section][et_pb_section [&hellip;]<\/p>\n","protected":false},"author":1,"featured_media":0,"parent":0,"menu_order":0,"comment_status":"closed","ping_status":"closed","template":"","meta":{"_et_pb_use_builder":"on","_et_pb_old_content":"","_et_gb_content_width":""},"yoast_head":"<!-- This site is optimized with the Yoast SEO plugin v16.7 - https:\/\/yoast.com\/wordpress\/plugins\/seo\/ -->\n<title>projets The Solar World Stain | Solar World Stain<\/title>\n<meta name=\"description\" content=\"Solar World Stain est un groupe espagnol qui d\u00e9veloppe, construit et exploite des projets d&#039;\u00e9nergie solaire photovolta\u00efque en Espagne, Italie, Japon, Angleterre ...\" \/>\n<meta name=\"robots\" content=\"index, follow, max-snippet:-1, max-image-preview:large, max-video-preview:-1\" \/>\n<link rel=\"canonical\" href=\"https:\/\/solarws.com\/fr\/projets-the-solar-world-stain\/\" \/>\n<meta property=\"og:locale\" content=\"fr_FR\" \/>\n<meta property=\"og:type\" content=\"article\" \/>\n<meta property=\"og:title\" content=\"projets The Solar World Stain | Solar World Stain\" \/>\n<meta property=\"og:description\" content=\"Solar World Stain est un groupe espagnol qui d\u00e9veloppe, construit et exploite des projets d&#039;\u00e9nergie solaire photovolta\u00efque en Espagne, Italie, Japon, Angleterre ...\" \/>\n<meta property=\"og:url\" content=\"https:\/\/solarws.com\/fr\/projets-the-solar-world-stain\/\" \/>\n<meta property=\"og:site_name\" content=\"Solar World Stain\" \/>\n<meta name=\"twitter:card\" content=\"summary_large_image\" \/>\n<meta name=\"twitter:site\" content=\"@solar_ws\" \/>\n<meta name=\"twitter:label1\" content=\"Dur\u00e9e de lecture est.\" \/>\n\t<meta name=\"twitter:data1\" content=\"2 minutes\" \/>\n<script type=\"application\/ld+json\" class=\"yoast-schema-graph\">{\"@context\":\"https:\/\/schema.org\",\"@graph\":[{\"@type\":\"Organization\",\"@id\":\"https:\/\/solarws.com\/#organization\",\"name\":\"Solar World Stain\",\"url\":\"https:\/\/solarws.com\/\",\"sameAs\":[\"https:\/\/twitter.com\/solar_ws\"],\"logo\":{\"@type\":\"ImageObject\",\"@id\":\"https:\/\/solarws.com\/#logo\",\"inLanguage\":\"fr-FR\",\"url\":\"https:\/\/solarws.com\/wp-content\/uploads\/2018\/11\/logo.png\",\"contentUrl\":\"https:\/\/solarws.com\/wp-content\/uploads\/2018\/11\/logo.png\",\"width\":1030,\"height\":374,\"caption\":\"Solar World Stain\"},\"image\":{\"@id\":\"https:\/\/solarws.com\/#logo\"}},{\"@type\":\"WebSite\",\"@id\":\"https:\/\/solarws.com\/#website\",\"url\":\"https:\/\/solarws.com\/\",\"name\":\"Solar World Stain\",\"description\":\"Dise\\u00f1o, construcci\\u00f3n y mantenimiento de plantas de energ\\u00edas renovables\",\"publisher\":{\"@id\":\"https:\/\/solarws.com\/#organization\"},\"potentialAction\":[{\"@type\":\"SearchAction\",\"target\":{\"@type\":\"EntryPoint\",\"urlTemplate\":\"https:\/\/solarws.com\/?s={search_term_string}\"},\"query-input\":\"required name=search_term_string\"}],\"inLanguage\":\"fr-FR\"},{\"@type\":\"WebPage\",\"@id\":\"https:\/\/solarws.com\/fr\/projets-the-solar-world-stain\/#webpage\",\"url\":\"https:\/\/solarws.com\/fr\/projets-the-solar-world-stain\/\",\"name\":\"projets The Solar World Stain | Solar World Stain\",\"isPartOf\":{\"@id\":\"https:\/\/solarws.com\/#website\"},\"datePublished\":\"2020-01-21T15:14:37+00:00\",\"dateModified\":\"2020-01-21T15:14:37+00:00\",\"description\":\"Solar World Stain est un groupe espagnol qui d\\u00e9veloppe, construit et exploite des projets d'\\u00e9nergie solaire photovolta\\u00efque en Espagne, Italie, Japon, Angleterre ...\",\"breadcrumb\":{\"@id\":\"https:\/\/solarws.com\/fr\/projets-the-solar-world-stain\/#breadcrumb\"},\"inLanguage\":\"fr-FR\",\"potentialAction\":[{\"@type\":\"ReadAction\",\"target\":[\"https:\/\/solarws.com\/fr\/projets-the-solar-world-stain\/\"]}]},{\"@type\":\"BreadcrumbList\",\"@id\":\"https:\/\/solarws.com\/fr\/projets-the-solar-world-stain\/#breadcrumb\",\"itemListElement\":[{\"@type\":\"ListItem\",\"position\":1,\"name\":\"Portada\",\"item\":\"https:\/\/solarws.com\/fr\/\"},{\"@type\":\"ListItem\",\"position\":2,\"name\":\"projets The Solar World Stain\"}]}]}<\/script>\n<!-- \/ Yoast SEO plugin. -->","yoast_head_json":{"title":"projets The Solar World Stain | Solar World Stain","description":"Solar World Stain est un groupe espagnol qui d\u00e9veloppe, construit et exploite des projets d'\u00e9nergie solaire photovolta\u00efque en Espagne, Italie, Japon, Angleterre ...","robots":{"index":"index","follow":"follow","max-snippet":"max-snippet:-1","max-image-preview":"max-image-preview:large","max-video-preview":"max-video-preview:-1"},"canonical":"https:\/\/solarws.com\/fr\/projets-the-solar-world-stain\/","og_locale":"fr_FR","og_type":"article","og_title":"projets The Solar World Stain | Solar World Stain","og_description":"Solar World Stain est un groupe espagnol qui d\u00e9veloppe, construit et exploite des projets d'\u00e9nergie solaire photovolta\u00efque en Espagne, Italie, Japon, Angleterre ...","og_url":"https:\/\/solarws.com\/fr\/projets-the-solar-world-stain\/","og_site_name":"Solar World Stain","twitter_card":"summary_large_image","twitter_site":"@solar_ws","twitter_misc":{"Dur\u00e9e de lecture est.":"2 minutes"},"schema":{"@context":"https:\/\/schema.org","@graph":[{"@type":"Organization","@id":"https:\/\/solarws.com\/#organization","name":"Solar World Stain","url":"https:\/\/solarws.com\/","sameAs":["https:\/\/twitter.com\/solar_ws"],"logo":{"@type":"ImageObject","@id":"https:\/\/solarws.com\/#logo","inLanguage":"fr-FR","url":"https:\/\/solarws.com\/wp-content\/uploads\/2018\/11\/logo.png","contentUrl":"https:\/\/solarws.com\/wp-content\/uploads\/2018\/11\/logo.png","width":1030,"height":374,"caption":"Solar World Stain"},"image":{"@id":"https:\/\/solarws.com\/#logo"}},{"@type":"WebSite","@id":"https:\/\/solarws.com\/#website","url":"https:\/\/solarws.com\/","name":"Solar World Stain","description":"Dise\u00f1o, construcci\u00f3n y mantenimiento de plantas de energ\u00edas renovables","publisher":{"@id":"https:\/\/solarws.com\/#organization"},"potentialAction":[{"@type":"SearchAction","target":{"@type":"EntryPoint","urlTemplate":"https:\/\/solarws.com\/?s={search_term_string}"},"query-input":"required name=search_term_string"}],"inLanguage":"fr-FR"},{"@type":"WebPage","@id":"https:\/\/solarws.com\/fr\/projets-the-solar-world-stain\/#webpage","url":"https:\/\/solarws.com\/fr\/projets-the-solar-world-stain\/","name":"projets The Solar World Stain | Solar World Stain","isPartOf":{"@id":"https:\/\/solarws.com\/#website"},"datePublished":"2020-01-21T15:14:37+00:00","dateModified":"2020-01-21T15:14:37+00:00","description":"Solar World Stain est un groupe espagnol qui d\u00e9veloppe, construit et exploite des projets d'\u00e9nergie solaire photovolta\u00efque en Espagne, Italie, Japon, Angleterre ...","breadcrumb":{"@id":"https:\/\/solarws.com\/fr\/projets-the-solar-world-stain\/#breadcrumb"},"inLanguage":"fr-FR","potentialAction":[{"@type":"ReadAction","target":["https:\/\/solarws.com\/fr\/projets-the-solar-world-stain\/"]}]},{"@type":"BreadcrumbList","@id":"https:\/\/solarws.com\/fr\/projets-the-solar-world-stain\/#breadcrumb","itemListElement":[{"@type":"ListItem","position":1,"name":"Portada","item":"https:\/\/solarws.com\/fr\/"},{"@type":"ListItem","position":2,"name":"projets The Solar World Stain"}]}]}},"_links":{"self":[{"href":"https:\/\/solarws.com\/fr\/wp-json\/wp\/v2\/pages\/2321"}],"collection":[{"href":"https:\/\/solarws.com\/fr\/wp-json\/wp\/v2\/pages"}],"about":[{"href":"https:\/\/solarws.com\/fr\/wp-json\/wp\/v2\/types\/page"}],"author":[{"embeddable":true,"href":"https:\/\/solarws.com\/fr\/wp-json\/wp\/v2\/users\/1"}],"replies":[{"embeddable":true,"href":"https:\/\/solarws.com\/fr\/wp-json\/wp\/v2\/comments?post=2321"}],"version-history":[{"count":1,"href":"https:\/\/solarws.com\/fr\/wp-json\/wp\/v2\/pages\/2321\/revisions"}],"predecessor-version":[{"id":2322,"href":"https:\/\/solarws.com\/fr\/wp-json\/wp\/v2\/pages\/2321\/revisions\/2322"}],"wp:attachment":[{"href":"https:\/\/solarws.com\/fr\/wp-json\/wp\/v2\/media?parent=2321"}],"curies":[{"name":"wp","href":"https:\/\/api.w.org\/{rel}","templated":true}]}}