{"id":2319,"date":"2020-01-21T15:11:27","date_gmt":"2020-01-21T15:11:27","guid":{"rendered":"https:\/\/solarws.com\/solutions-vertes\/"},"modified":"2020-01-21T15:11:28","modified_gmt":"2020-01-21T15:11:28","slug":"solutions-vertes","status":"publish","type":"page","link":"https:\/\/solarws.com\/fr\/solutions-vertes\/","title":{"rendered":"Solutions vertes"},"content":{"rendered":"<p>[et_pb_section bb_built=\u00a0\u00bb1&Prime; admin_label=\u00a0\u00bbHeader\u00a0\u00bb next_background_color=\u00a0\u00bb#ffffff\u00a0\u00bb _builder_version=\u00a0\u00bb3.17.6&Prime; background_image=\u00a0\u00bbhttps:\/\/solarws.com\/wp-content\/uploads\/2018\/11\/fondo3.jpg\u00a0\u00bb custom_margin=\u00a0\u00bb||||false\u00a0\u00bb custom_padding=\u00a0\u00bb12vw||12vw||true|false\u00a0\u00bb bottom_divider_style=\u00a0\u00bbcurve\u00a0\u00bb bottom_divider_height=\u00a0\u00bb6vw\u00a0\u00bb background_blend=\u00a0\u00bbmultiply\u00a0\u00bb parallax_method=\u00a0\u00bboff\u00a0\u00bb][et_pb_row _builder_version=\u00a0\u00bb3.17.6&Prime; background_size=\u00a0\u00bbcontain\u00a0\u00bb animation_style=\u00a0\u00bbzoom\u00a0\u00bb animation_intensity_zoom=\u00a0\u00bb10%\u00a0\u00bb custom_margin=\u00a0\u00bb0px|||\u00a0\u00bb custom_padding=\u00a0\u00bb0px|||\u00a0\u00bb][et_pb_column type=\u00a0\u00bb4_4&Prime;][et_pb_text admin_label=\u00a0\u00bbDesarrollo de Proyectos\u00a0\u00bb _builder_version=\u00a0\u00bb3.18.4&Prime; header_font=\u00a0\u00bbMontserrat|500||on|||||\u00a0\u00bb header_font_size=\u00a0\u00bb28px\u00a0\u00bb header_font_size_phone=\u00a0\u00bb12px\u00a0\u00bb header_font_size_last_edited=\u00a0\u00bbon|desktop\u00a0\u00bb header_letter_spacing=\u00a0\u00bb4px\u00a0\u00bb header_line_height=\u00a0\u00bb1.5em\u00a0\u00bb header_2_font=\u00a0\u00bbMerriweather|||on|||||\u00a0\u00bb header_2_font_size=\u00a0\u00bb70px\u00a0\u00bb header_2_font_size_tablet=\u00a0\u00bb50px\u00a0\u00bb header_2_font_size_phone=\u00a0\u00bb30px\u00a0\u00bb header_2_font_size_last_edited=\u00a0\u00bbon|desktop\u00a0\u00bb header_2_letter_spacing=\u00a0\u00bb5px\u00a0\u00bb header_2_line_height=\u00a0\u00bb1.4em\u00a0\u00bb text_orientation=\u00a0\u00bbcenter\u00a0\u00bb background_layout=\u00a0\u00bbdark\u00a0\u00bb]<\/p>\n<h1>Solutions vertes<\/h1>\n<p>[\/et_pb_text][\/et_pb_column][\/et_pb_row][\/et_pb_section][et_pb_section bb_built=\u00a0\u00bb1&Prime; fullwidth=\u00a0\u00bboff\u00a0\u00bb specialty=\u00a0\u00bboff\u00a0\u00bb prev_background_color=\u00a0\u00bb#000000&Prime; next_background_color=\u00a0\u00bb#20654b\u00a0\u00bb][et_pb_row][et_pb_column type=\u00a0\u00bb4_4&Prime;][et_pb_text _builder_version=\u00a0\u00bb3.18.4&Prime;]<\/p>\n<p id=\"tw-target-text\" class=\"tw-data-text tw-text-large tw-ta\" dir=\"ltr\" data-placeholder=\"Traducci\u00f3n\"><span lang=\"fr\">L&rsquo;optimisation de la gestion de l&rsquo;\u00e9nergie est d&rsquo;une importance capitale pour <strong><em>The Solar World Stain<\/em><\/strong> et une priorit\u00e9 absolue. Nous recherchons des produits avec les derni\u00e8res \u00e9volutions techniques pour r\u00e9aliser des \u00e9conomies d&rsquo;\u00e9nergie importantes et r\u00e9alisons le d\u00e9veloppement de notre activit\u00e9 avec un minimum d&rsquo;\u00e9missions.<\/span><\/p>\n<p dir=\"ltr\" data-placeholder=\"Traducci\u00f3n\">Nous sommes conscients qu&rsquo;au fur et \u00e0 mesure que l&rsquo;activit\u00e9 Solar World Stain se d\u00e9veloppe, nos responsabilit\u00e9s envers<strong> l&rsquo;environnement<\/strong> augmentent \u00e9galement. Le d\u00e9fi mondial auquel nous sommes confront\u00e9s avec le changement climatique nous affecte tous et l&rsquo;impact de nos actions doit \u00eatre pris en compte. Offrir des solutions et des produits pour r\u00e9duire l&rsquo;impact environnemental de la consommation d&rsquo;\u00e9nergie est notre objectif principal.<\/p>\n<p dir=\"ltr\" data-placeholder=\"Traducci\u00f3n\"><strong>The Solar World Stain s&rsquo;engage pour l&rsquo;environnement<\/strong>, mais en plus de cette prise de conscience, il devient une \u00e9conomie importante, augmentant l&rsquo;efficacit\u00e9 des services que nous offrons \u00e0 nos clients.<\/p>\n<ul>\n<li dir=\"ltr\" data-placeholder=\"Traducci\u00f3n\">\u00c9tudes d&rsquo;efficacit\u00e9 \u00e9nerg\u00e9tique et optimisation de l&rsquo;utilisation.<\/li>\n<li dir=\"ltr\" data-placeholder=\"Traducci\u00f3n\">Suivi et analyse de la consommation d&rsquo;\u00e9nergie des produits \u00e9nerg\u00e9tiques.<\/li>\n<li dir=\"ltr\" data-placeholder=\"Traducci\u00f3n\">Solutions photovolta\u00efques: pompage solaire, autoconsommation, installations photovolta\u00efques isol\u00e9es, g\u00e9n\u00e9rateurs photovolta\u00efques mobiles, etc &#8230;<\/li>\n<li dir=\"ltr\" data-placeholder=\"Traducci\u00f3n\">Des produits durables, \u00e9cologiques, s\u00fbrs et efficaces.<\/li>\n<li dir=\"ltr\" data-placeholder=\"Traducci\u00f3n\">Alternatives pour r\u00e9duire l&#8217;empreinte carbone et l&rsquo;impact environnemental.<\/li>\n<\/ul>\n<p>[\/et_pb_text][\/et_pb_column][\/et_pb_row][\/et_pb_section][et_pb_section bb_built=\u00a0\u00bb1&Prime; admin_label=\u00a0\u00bbResources\u00a0\u00bb prev_background_color=\u00a0\u00bb#ffffff\u00a0\u00bb _builder_version=\u00a0\u00bb3.17.6&Prime; background_color=\u00a0\u00bb#20654b\u00a0\u00bb custom_margin=\u00a0\u00bb|||\u00a0\u00bb custom_padding=\u00a0\u00bb10vw|0px|54px|0px|false|false\u00a0\u00bb top_divider_style=\u00a0\u00bbcurve\u00a0\u00bb top_divider_height=\u00a0\u00bb6vw\u00a0\u00bb top_divider_flip=\u00a0\u00bbvertical\u00a0\u00bb bottom_divider_height=\u00a0\u00bb6vw\u00a0\u00bb next_background_color=\u00a0\u00bb#98c129&Prime; top_divider_color=\u00a0\u00bb#ffffff\u00a0\u00bb bottom_divider_color=\u00a0\u00bb#ffffff\u00a0\u00bb bottom_divider_flip=\u00a0\u00bbhorizontal\u00a0\u00bb bottom_divider_arrangement=\u00a0\u00bbabove_content\u00a0\u00bb][et_pb_row _builder_version=\u00a0\u00bb3.18.4&Prime;][et_pb_column type=\u00a0\u00bb4_4&Prime;][et_pb_text admin_label=\u00a0\u00bbThe Solar World Stain\u00a0\u00bb _builder_version=\u00a0\u00bb3.18.4&Prime; text_line_height=\u00a0\u00bb2em\u00a0\u00bb header_3_font=\u00a0\u00bbMerriweather|700|||||||\u00a0\u00bb header_3_font_size=\u00a0\u00bb30px\u00a0\u00bb header_3_font_size_phone=\u00a0\u00bb16px\u00a0\u00bb header_3_font_size_last_edited=\u00a0\u00bbon|desktop\u00a0\u00bb header_3_line_height=\u00a0\u00bb1.6em\u00a0\u00bb header_4_font=\u00a0\u00bbMerriweather|700|||||||\u00a0\u00bb header_4_text_color=\u00a0\u00bb#15c39a\u00a0\u00bb header_4_font_size_phone=\u00a0\u00bb14px\u00a0\u00bb header_4_font_size_last_edited=\u00a0\u00bbon|phone\u00a0\u00bb header_4_line_height=\u00a0\u00bb1.8em\u00a0\u00bb text_orientation=\u00a0\u00bbcenter\u00a0\u00bb max_width=\u00a0\u00bb700px\u00a0\u00bb module_alignment=\u00a0\u00bbcenter\u00a0\u00bb background_layout=\u00a0\u00bbdark\u00a0\u00bb header_2_font=\u00a0\u00bb|||on|||||\u00a0\u00bb header_font=\u00a0\u00bb|||on|||||\u00a0\u00bb header_font_size=\u00a0\u00bb34px\u00a0\u00bb]<\/p>\n<h1>The Solar World Stain<\/h1>\n<p class=\"p1\"><span class=\"s1\"><strong>The Solar World Stain<\/strong> est un groupe <strong>espagnol<\/strong> bas\u00e9 \u00e0 Tokyo, Madrid et Albacete qui <strong>d\u00e9veloppe, construit et exploite<\/strong> des projets <strong>d\u2019\u00e9nergie solaire photovolta\u00efque<\/strong> dans plusieurs pays.<\/span><\/p>\n<p>[\/et_pb_text][\/et_pb_column][\/et_pb_row][\/et_pb_section][et_pb_section bb_built=\u00a0\u00bb1&Prime; admin_label=\u00a0\u00bbSubscribe\u00a0\u00bb prev_background_color=\u00a0\u00bb#20654b\u00a0\u00bb _builder_version=\u00a0\u00bb3.17.6&Prime; background_color=\u00a0\u00bb#98c129&Prime; box_shadow_color=\u00a0\u00bb#ffffff\u00a0\u00bb custom_margin=\u00a0\u00bb|||\u00a0\u00bb custom_padding=\u00a0\u00bb12vw|0|0px||false|false\u00a0\u00bb top_divider_style=\u00a0\u00bbwave\u00a0\u00bb top_divider_height=\u00a0\u00bb6vw\u00a0\u00bb global_module=\u00a0\u00bb485&Prime;][et_pb_row global_parent=\u00a0\u00bb485&Prime; _builder_version=\u00a0\u00bb3.17.6&Prime; custom_padding=\u00a0\u00bb5%||5%|\u00a0\u00bb][et_pb_column type=\u00a0\u00bb1_2&Prime;][et_pb_text admin_label=\u00a0\u00bbContacta con nosotros \u00a0\u00bb global_parent=\u00a0\u00bb485&Prime; _builder_version=\u00a0\u00bb3.17.6&Prime; text_line_height=\u00a0\u00bb2em\u00a0\u00bb header_2_font=\u00a0\u00bbMontserrat|500||on|||||\u00a0\u00bb header_2_font_size=\u00a0\u00bb36px\u00a0\u00bb header_2_font_size_phone=\u00a0\u00bb20px\u00a0\u00bb header_2_font_size_last_edited=\u00a0\u00bbon|phone\u00a0\u00bb header_2_line_height=\u00a0\u00bb1.6em\u00a0\u00bb background_layout=\u00a0\u00bbdark\u00a0\u00bb custom_margin=\u00a0\u00bb40px|||\u00a0\u00bb custom_margin_tablet=\u00a0\u00bb0px|||\u00a0\u00bb custom_margin_last_edited=\u00a0\u00bbon|tablet\u00a0\u00bb locked=\u00a0\u00bboff\u00a0\u00bb header_3_font=\u00a0\u00bb|||on|||||\u00a0\u00bb header_3_font_size=\u00a0\u00bb28px\u00a0\u00bb]<\/p>\n<h3>Contactez-nous<\/h3>\n<p class=\"p1\"><span class=\"s1\">Si vous avez des doutes ou si vous envisagez de d\u00e9velopper un projet d\u2019\u00e9nergie solaire photovolta\u00efque, n\u2019h\u00e9sitez pas \u00e0 nous contacter par l\u2019un de ces moyens.<\/span><\/p>\n<p>[\/et_pb_text][\/et_pb_column][et_pb_column type=\u00a0\u00bb1_2&Prime;][et_pb_text admin_label=\u00a0\u00bbContact form 7&Prime; global_parent=\u00a0\u00bb485&Prime; _builder_version=\u00a0\u00bb3.17.6&Prime;]<\/p>\n<div role=\"form\" class=\"wpcf7\" id=\"wpcf7-f443-o1\" lang=\"es-ES\" dir=\"ltr\">\n<div class=\"screen-reader-response\"><p role=\"status\" aria-live=\"polite\" aria-atomic=\"true\"><\/p> <ul><\/ul><\/div>\n<form action=\"\/fr\/wp-json\/wp\/v2\/pages\/2319#wpcf7-f443-o1\" method=\"post\" class=\"wpcf7-form init\" novalidate=\"novalidate\" data-status=\"init\">\n<div style=\"display: none;\">\n<input type=\"hidden\" name=\"_wpcf7\" value=\"443\" \/>\n<input type=\"hidden\" name=\"_wpcf7_version\" value=\"5.4.2\" \/>\n<input type=\"hidden\" name=\"_wpcf7_locale\" value=\"es_ES\" \/>\n<input type=\"hidden\" name=\"_wpcf7_unit_tag\" value=\"wpcf7-f443-o1\" \/>\n<input type=\"hidden\" name=\"_wpcf7_container_post\" value=\"0\" \/>\n<input type=\"hidden\" name=\"_wpcf7_posted_data_hash\" value=\"\" \/>\n<input type=\"hidden\" name=\"_wpcf7_recaptcha_response\" value=\"\" \/>\n<\/div>\n<div class=\"et_pb_contact\">\n<div class=\"et_pb_contact_form\">\n<p class=\"et_pb_contact_field\"><span class=\"wpcf7-form-control-wrap your-name\"><input type=\"text\" name=\"your-name\" value=\"\" size=\"40\" class=\"wpcf7-form-control wpcf7-text wpcf7-validates-as-required\" aria-required=\"true\" aria-invalid=\"false\" placeholder=\"Nombre *\" \/><\/span><\/p>\n<p class=\"et_pb_contact_field\"><span class=\"wpcf7-form-control-wrap your-email\"><input type=\"email\" name=\"your-email\" value=\"\" size=\"40\" class=\"wpcf7-form-control wpcf7-text wpcf7-email wpcf7-validates-as-required wpcf7-validates-as-email\" aria-required=\"true\" aria-invalid=\"false\" placeholder=\"Email *\" \/><\/span><\/p>\n<p class= \"et_pb_contact_field\"> <span class=\"wpcf7-form-control-wrap tel-162\"><input type=\"tel\" name=\"tel-162\" value=\"\" size=\"40\" class=\"wpcf7-form-control wpcf7-text wpcf7-tel wpcf7-validates-as-tel\" aria-invalid=\"false\" placeholder=\"Tel\u00e9fono\" \/><\/span><\/p>\n<p class=\"et_pb_contact_field et_pb_contact_field_last\"><span class=\"wpcf7-form-control-wrap your-message\"><textarea name=\"your-message\" cols=\"40\" rows=\"10\" class=\"wpcf7-form-control wpcf7-textarea\" aria-invalid=\"false\" placeholder=\"Mensaje\"><\/textarea><\/span><\/p>\n<\/div>\n<\/div>\n<p><span class=\"wpcf7-form-control-wrap acceptance-758\"><span class=\"wpcf7-form-control wpcf7-acceptance\"><span class=\"wpcf7-list-item\"><input type=\"checkbox\" name=\"acceptance-758\" value=\"1\" aria-invalid=\"false\" \/><\/span><\/span><\/span> He le\u00eddo y acepto la <a href=\"https:\/\/solarws.com\/politica-privacidad\/\" target=\"_blank\">Pol\u00edtica de Privacidad<\/a>.<\/p>\n\n<div class=\"et_contact_bottom_container\">\n<p><input type=\"submit\" value=\"Contactar\" class=\"wpcf7-form-control wpcf7-submit et_pb_contact_submit et_pb_button\" \/><\/p>\n<\/div>\n<input type='hidden' class='wpcf7-pum' value='{\"closepopup\":false,\"closedelay\":0,\"openpopup\":false,\"openpopup_id\":0}' \/><div class=\"wpcf7-response-output\" aria-hidden=\"true\"><\/div><\/form><\/div>\n<p>[\/et_pb_text][\/et_pb_column][\/et_pb_row][\/et_pb_section]<\/p>\n","protected":false},"excerpt":{"rendered":"<p>[et_pb_section bb_built=\u00a0\u00bb1&Prime; admin_label=\u00a0\u00bbHeader\u00a0\u00bb next_background_color=\u00a0\u00bb#ffffff\u00a0\u00bb _builder_version=\u00a0\u00bb3.17.6&Prime; background_image=\u00a0\u00bbhttps:\/\/solarws.com\/wp-content\/uploads\/2018\/11\/fondo3.jpg\u00a0\u00bb custom_margin=\u00a0\u00bb||||false\u00a0\u00bb custom_padding=\u00a0\u00bb12vw||12vw||true|false\u00a0\u00bb bottom_divider_style=\u00a0\u00bbcurve\u00a0\u00bb bottom_divider_height=\u00a0\u00bb6vw\u00a0\u00bb background_blend=\u00a0\u00bbmultiply\u00a0\u00bb parallax_method=\u00a0\u00bboff\u00a0\u00bb][et_pb_row _builder_version=\u00a0\u00bb3.17.6&Prime; background_size=\u00a0\u00bbcontain\u00a0\u00bb animation_style=\u00a0\u00bbzoom\u00a0\u00bb animation_intensity_zoom=\u00a0\u00bb10%\u00a0\u00bb custom_margin=\u00a0\u00bb0px|||\u00a0\u00bb custom_padding=\u00a0\u00bb0px|||\u00a0\u00bb][et_pb_column type=\u00a0\u00bb4_4&Prime;][et_pb_text admin_label=\u00a0\u00bbDesarrollo de Proyectos\u00a0\u00bb _builder_version=\u00a0\u00bb3.18.4&Prime; header_font=\u00a0\u00bbMontserrat|500||on|||||\u00a0\u00bb header_font_size=\u00a0\u00bb28px\u00a0\u00bb header_font_size_phone=\u00a0\u00bb12px\u00a0\u00bb header_font_size_last_edited=\u00a0\u00bbon|desktop\u00a0\u00bb header_letter_spacing=\u00a0\u00bb4px\u00a0\u00bb header_line_height=\u00a0\u00bb1.5em\u00a0\u00bb header_2_font=\u00a0\u00bbMerriweather|||on|||||\u00a0\u00bb header_2_font_size=\u00a0\u00bb70px\u00a0\u00bb header_2_font_size_tablet=\u00a0\u00bb50px\u00a0\u00bb header_2_font_size_phone=\u00a0\u00bb30px\u00a0\u00bb header_2_font_size_last_edited=\u00a0\u00bbon|desktop\u00a0\u00bb header_2_letter_spacing=\u00a0\u00bb5px\u00a0\u00bb header_2_line_height=\u00a0\u00bb1.4em\u00a0\u00bb text_orientation=\u00a0\u00bbcenter\u00a0\u00bb background_layout=\u00a0\u00bbdark\u00a0\u00bb] Solutions vertes [\/et_pb_text][\/et_pb_column][\/et_pb_row][\/et_pb_section][et_pb_section bb_built=\u00a0\u00bb1&Prime; fullwidth=\u00a0\u00bboff\u00a0\u00bb specialty=\u00a0\u00bboff\u00a0\u00bb prev_background_color=\u00a0\u00bb#000000&Prime; next_background_color=\u00a0\u00bb#20654b\u00a0\u00bb][et_pb_row][et_pb_column type=\u00a0\u00bb4_4&Prime;][et_pb_text _builder_version=\u00a0\u00bb3.18.4&Prime;] L&rsquo;optimisation de la gestion de l&rsquo;\u00e9nergie est [&hellip;]<\/p>\n","protected":false},"author":1,"featured_media":1634,"parent":0,"menu_order":0,"comment_status":"closed","ping_status":"closed","template":"","meta":{"_et_pb_use_builder":"on","_et_pb_old_content":"","_et_gb_content_width":""},"yoast_head":"<!-- This site is optimized with the Yoast SEO plugin v16.7 - https:\/\/yoast.com\/wordpress\/plugins\/seo\/ -->\n<title>Solutions vertes | Solar World Stain<\/title>\n<meta name=\"description\" content=\"Le Solar World Stain recherche des d\u00e9veloppements techniques pour r\u00e9aliser des \u00e9conomies d&#039;\u00e9nergie et r\u00e9aliser le d\u00e9veloppement de notre activit\u00e9 avec un minimum d&#039;\u00e9missions.\" \/>\n<meta name=\"robots\" content=\"index, follow, max-snippet:-1, max-image-preview:large, max-video-preview:-1\" \/>\n<link rel=\"canonical\" href=\"https:\/\/solarws.com\/fr\/solutions-vertes\/\" \/>\n<meta property=\"og:locale\" content=\"fr_FR\" \/>\n<meta property=\"og:type\" content=\"article\" \/>\n<meta property=\"og:title\" content=\"Solutions vertes | Solar World Stain\" \/>\n<meta property=\"og:description\" content=\"Le Solar World Stain recherche des d\u00e9veloppements techniques pour r\u00e9aliser des \u00e9conomies d&#039;\u00e9nergie et r\u00e9aliser le d\u00e9veloppement de notre activit\u00e9 avec un minimum d&#039;\u00e9missions.\" \/>\n<meta property=\"og:url\" content=\"https:\/\/solarws.com\/fr\/solutions-vertes\/\" \/>\n<meta property=\"og:site_name\" content=\"Solar World Stain\" \/>\n<meta property=\"article:modified_time\" content=\"2020-01-21T15:11:28+00:00\" \/>\n<meta property=\"og:image\" content=\"https:\/\/solarws.com\/wp-content\/uploads\/2018\/11\/planta.jpg\" \/>\n\t<meta property=\"og:image:width\" content=\"1900\" \/>\n\t<meta property=\"og:image:height\" content=\"1067\" \/>\n<meta name=\"twitter:card\" content=\"summary_large_image\" \/>\n<meta name=\"twitter:site\" content=\"@solar_ws\" \/>\n<meta name=\"twitter:label1\" content=\"Dur\u00e9e de lecture est.\" \/>\n\t<meta name=\"twitter:data1\" content=\"4 minutes\" \/>\n<script type=\"application\/ld+json\" class=\"yoast-schema-graph\">{\"@context\":\"https:\/\/schema.org\",\"@graph\":[{\"@type\":\"Organization\",\"@id\":\"https:\/\/solarws.com\/#organization\",\"name\":\"Solar World Stain\",\"url\":\"https:\/\/solarws.com\/\",\"sameAs\":[\"https:\/\/twitter.com\/solar_ws\"],\"logo\":{\"@type\":\"ImageObject\",\"@id\":\"https:\/\/solarws.com\/#logo\",\"inLanguage\":\"fr-FR\",\"url\":\"https:\/\/solarws.com\/wp-content\/uploads\/2018\/11\/logo.png\",\"contentUrl\":\"https:\/\/solarws.com\/wp-content\/uploads\/2018\/11\/logo.png\",\"width\":1030,\"height\":374,\"caption\":\"Solar World Stain\"},\"image\":{\"@id\":\"https:\/\/solarws.com\/#logo\"}},{\"@type\":\"WebSite\",\"@id\":\"https:\/\/solarws.com\/#website\",\"url\":\"https:\/\/solarws.com\/\",\"name\":\"Solar World Stain\",\"description\":\"Dise\\u00f1o, construcci\\u00f3n y mantenimiento de plantas de energ\\u00edas renovables\",\"publisher\":{\"@id\":\"https:\/\/solarws.com\/#organization\"},\"potentialAction\":[{\"@type\":\"SearchAction\",\"target\":{\"@type\":\"EntryPoint\",\"urlTemplate\":\"https:\/\/solarws.com\/?s={search_term_string}\"},\"query-input\":\"required name=search_term_string\"}],\"inLanguage\":\"fr-FR\"},{\"@type\":\"ImageObject\",\"@id\":\"https:\/\/solarws.com\/fr\/solutions-vertes\/#primaryimage\",\"inLanguage\":\"fr-FR\",\"url\":\"https:\/\/solarws.com\/wp-content\/uploads\/2018\/11\/planta.jpg\",\"contentUrl\":\"https:\/\/solarws.com\/wp-content\/uploads\/2018\/11\/planta.jpg\",\"width\":1900,\"height\":1067,\"caption\":\"The Solar World Stain AlbaceteThe Solar World Stain Albacete\"},{\"@type\":\"WebPage\",\"@id\":\"https:\/\/solarws.com\/fr\/solutions-vertes\/#webpage\",\"url\":\"https:\/\/solarws.com\/fr\/solutions-vertes\/\",\"name\":\"Solutions vertes | Solar World Stain\",\"isPartOf\":{\"@id\":\"https:\/\/solarws.com\/#website\"},\"primaryImageOfPage\":{\"@id\":\"https:\/\/solarws.com\/fr\/solutions-vertes\/#primaryimage\"},\"datePublished\":\"2020-01-21T15:11:27+00:00\",\"dateModified\":\"2020-01-21T15:11:28+00:00\",\"description\":\"Le Solar World Stain recherche des d\\u00e9veloppements techniques pour r\\u00e9aliser des \\u00e9conomies d'\\u00e9nergie et r\\u00e9aliser le d\\u00e9veloppement de notre activit\\u00e9 avec un minimum d'\\u00e9missions.\",\"breadcrumb\":{\"@id\":\"https:\/\/solarws.com\/fr\/solutions-vertes\/#breadcrumb\"},\"inLanguage\":\"fr-FR\",\"potentialAction\":[{\"@type\":\"ReadAction\",\"target\":[\"https:\/\/solarws.com\/fr\/solutions-vertes\/\"]}]},{\"@type\":\"BreadcrumbList\",\"@id\":\"https:\/\/solarws.com\/fr\/solutions-vertes\/#breadcrumb\",\"itemListElement\":[{\"@type\":\"ListItem\",\"position\":1,\"name\":\"Portada\",\"item\":\"https:\/\/solarws.com\/fr\/\"},{\"@type\":\"ListItem\",\"position\":2,\"name\":\"Solutions vertes\"}]}]}<\/script>\n<!-- \/ Yoast SEO plugin. -->","yoast_head_json":{"title":"Solutions vertes | Solar World Stain","description":"Le Solar World Stain recherche des d\u00e9veloppements techniques pour r\u00e9aliser des \u00e9conomies d'\u00e9nergie et r\u00e9aliser le d\u00e9veloppement de notre activit\u00e9 avec un minimum d'\u00e9missions.","robots":{"index":"index","follow":"follow","max-snippet":"max-snippet:-1","max-image-preview":"max-image-preview:large","max-video-preview":"max-video-preview:-1"},"canonical":"https:\/\/solarws.com\/fr\/solutions-vertes\/","og_locale":"fr_FR","og_type":"article","og_title":"Solutions vertes | Solar World Stain","og_description":"Le Solar World Stain recherche des d\u00e9veloppements techniques pour r\u00e9aliser des \u00e9conomies d'\u00e9nergie et r\u00e9aliser le d\u00e9veloppement de notre activit\u00e9 avec un minimum d'\u00e9missions.","og_url":"https:\/\/solarws.com\/fr\/solutions-vertes\/","og_site_name":"Solar World Stain","article_modified_time":"2020-01-21T15:11:28+00:00","og_image":[{"width":1900,"height":1067,"url":"https:\/\/solarws.com\/wp-content\/uploads\/2018\/11\/planta.jpg","path":"\/var\/www\/vhosts\/solarws.com\/httpdocs\/wp-content\/uploads\/2018\/11\/planta.jpg","size":"full","id":1634,"alt":"The Solar World Stain Albacete","pixels":2027300,"type":"image\/jpeg"}],"twitter_card":"summary_large_image","twitter_site":"@solar_ws","twitter_misc":{"Dur\u00e9e de lecture est.":"4 minutes"},"schema":{"@context":"https:\/\/schema.org","@graph":[{"@type":"Organization","@id":"https:\/\/solarws.com\/#organization","name":"Solar World Stain","url":"https:\/\/solarws.com\/","sameAs":["https:\/\/twitter.com\/solar_ws"],"logo":{"@type":"ImageObject","@id":"https:\/\/solarws.com\/#logo","inLanguage":"fr-FR","url":"https:\/\/solarws.com\/wp-content\/uploads\/2018\/11\/logo.png","contentUrl":"https:\/\/solarws.com\/wp-content\/uploads\/2018\/11\/logo.png","width":1030,"height":374,"caption":"Solar World Stain"},"image":{"@id":"https:\/\/solarws.com\/#logo"}},{"@type":"WebSite","@id":"https:\/\/solarws.com\/#website","url":"https:\/\/solarws.com\/","name":"Solar World Stain","description":"Dise\u00f1o, construcci\u00f3n y mantenimiento de plantas de energ\u00edas renovables","publisher":{"@id":"https:\/\/solarws.com\/#organization"},"potentialAction":[{"@type":"SearchAction","target":{"@type":"EntryPoint","urlTemplate":"https:\/\/solarws.com\/?s={search_term_string}"},"query-input":"required name=search_term_string"}],"inLanguage":"fr-FR"},{"@type":"ImageObject","@id":"https:\/\/solarws.com\/fr\/solutions-vertes\/#primaryimage","inLanguage":"fr-FR","url":"https:\/\/solarws.com\/wp-content\/uploads\/2018\/11\/planta.jpg","contentUrl":"https:\/\/solarws.com\/wp-content\/uploads\/2018\/11\/planta.jpg","width":1900,"height":1067,"caption":"The Solar World Stain AlbaceteThe Solar World Stain Albacete"},{"@type":"WebPage","@id":"https:\/\/solarws.com\/fr\/solutions-vertes\/#webpage","url":"https:\/\/solarws.com\/fr\/solutions-vertes\/","name":"Solutions vertes | Solar World Stain","isPartOf":{"@id":"https:\/\/solarws.com\/#website"},"primaryImageOfPage":{"@id":"https:\/\/solarws.com\/fr\/solutions-vertes\/#primaryimage"},"datePublished":"2020-01-21T15:11:27+00:00","dateModified":"2020-01-21T15:11:28+00:00","description":"Le Solar World Stain recherche des d\u00e9veloppements techniques pour r\u00e9aliser des \u00e9conomies d'\u00e9nergie et r\u00e9aliser le d\u00e9veloppement de notre activit\u00e9 avec un minimum d'\u00e9missions.","breadcrumb":{"@id":"https:\/\/solarws.com\/fr\/solutions-vertes\/#breadcrumb"},"inLanguage":"fr-FR","potentialAction":[{"@type":"ReadAction","target":["https:\/\/solarws.com\/fr\/solutions-vertes\/"]}]},{"@type":"BreadcrumbList","@id":"https:\/\/solarws.com\/fr\/solutions-vertes\/#breadcrumb","itemListElement":[{"@type":"ListItem","position":1,"name":"Portada","item":"https:\/\/solarws.com\/fr\/"},{"@type":"ListItem","position":2,"name":"Solutions vertes"}]}]}},"_links":{"self":[{"href":"https:\/\/solarws.com\/fr\/wp-json\/wp\/v2\/pages\/2319"}],"collection":[{"href":"https:\/\/solarws.com\/fr\/wp-json\/wp\/v2\/pages"}],"about":[{"href":"https:\/\/solarws.com\/fr\/wp-json\/wp\/v2\/types\/page"}],"author":[{"embeddable":true,"href":"https:\/\/solarws.com\/fr\/wp-json\/wp\/v2\/users\/1"}],"replies":[{"embeddable":true,"href":"https:\/\/solarws.com\/fr\/wp-json\/wp\/v2\/comments?post=2319"}],"version-history":[{"count":1,"href":"https:\/\/solarws.com\/fr\/wp-json\/wp\/v2\/pages\/2319\/revisions"}],"predecessor-version":[{"id":2320,"href":"https:\/\/solarws.com\/fr\/wp-json\/wp\/v2\/pages\/2319\/revisions\/2320"}],"wp:featuredmedia":[{"embeddable":true,"href":"https:\/\/solarws.com\/fr\/wp-json\/wp\/v2\/media\/1634"}],"wp:attachment":[{"href":"https:\/\/solarws.com\/fr\/wp-json\/wp\/v2\/media?parent=2319"}],"curies":[{"name":"wp","href":"https:\/\/api.w.org\/{rel}","templated":true}]}}